{"id":56,"date":"2019-10-07T09:11:03","date_gmt":"2019-10-07T09:11:03","guid":{"rendered":"http:\/\/dorotheeschabert.de\/?page_id=56"},"modified":"2026-02-04T17:07:00","modified_gmt":"2026-02-04T17:07:00","slug":"salon-pour-und-frauenportraits","status":"publish","type":"page","link":"https:\/\/dorotheeschabert.de\/?page_id=56","title":{"rendered":"&#8222;Salon pour &#8230; &#8220; und Frauenportraits"},"content":{"rendered":"<div class=\"wp-block-image is-resized is-style-default\">\n<figure class=\"aligncenter size-large\"><img decoding=\"async\" src=\"https:\/\/upload.wikimedia.org\/wikipedia\/commons\/a\/a6\/Christine_de_Pisan_-_cathedra.jpg\" alt=\"\"\/><\/figure>\n<\/div>\n\n<p>f\u00fcr die Schwetzinger SWR-festspiele konzipierte ich portraits historischer frauenpers\u00f6nlichkeiten, die im mai 2019 durch ulrike krumbiegel und die capella de la torre aufgef\u00fchrt wurden.<\/p>\n<p style=\"padding-left: 80px;\">* Christine de Pizan<br \/>* Margarete von Navarra<br \/>* Musikerinnen des 16. Jahrhunderts<\/p>\n<h4>Konzert-Reihe &#8222;Salons pour &#8230; &#8222;<\/h4>\n\n\n<p>konzipiert und veranstaltet von Dorothee Schabert, Komponistin und Autorin und Marion Schulz, Klarinettistin und MedienAutorin. Wir stellen Komponistinnen der Vergangenheit vor und lassen gleichzeitig zeitgen\u00f6ssische Komponistinnen erklingen. In moderierter Salon-Atmosph\u00e4re eine Begegnung mit unserem Publikum, gerne auch an Orten au\u00dferhalb des konventionellen Konzertgeschehens. <\/p>\n\n\n\n<p>Bisher <mark style=\"background-color:rgba(0, 0, 0, 0)\" class=\"has-inline-color has-bright-blue-color\">portraitierte Frauen<\/mark>: Pauline Viardot (1821 &#8211; 1910), Elisabeth Jacquet de la Guerre (1665 &#8211; 1729), Claire Waldoff (1884 -1957) <\/p>\n\n\n\n<p><mark style=\"background-color:rgba(0, 0, 0, 0)\" class=\"has-inline-color has-bright-blue-color\">n\u00e4chste Salons: <\/mark> <\/p>\n\n\n\n<p>&#8222;Salon pour IDA&#8220; Dehmel (1870 -1943) 17.1.2026 Karlsruhe, Erlenweg <\/p>\n\n\n\n<p>&#8222;Salon pour Amanda&#8220; R\u00f6ntgen-Maier (1853 &#8211; 1894): Werke f\u00fcr Violine und Klavier romantischer Komponistinnen &#8211; Fr\u00fchsommer 2026 &#8222;Salon pour le Feu&#8220; November 2026 Orgelfabrik, KA-Durlach<\/p>\n\n\n\n<p>14.6.2026 &#8222;Salon pour Bettine et Johanna&#8220; Schlo\u00df Wiepersdorf: \u00fcber west-\u00f6stliche Rezeption der Bettine von Arnim und ihre politischen Beziehungen zu den Rastatter Revolution\u00e4ren von 1848 <\/p>\n\n\n\n<p>Sowie <mark style=\"background-color:rgba(0, 0, 0, 0)\" class=\"has-inline-color has-bright-blue-color\">&#8222;Salons pour les \u00c9l\u00e9ments&#8220;<\/mark>: &#8222;pour l&#8217;Eau&#8220; 30.4.2023 &#8211; &#8222;pour l&#8217;Air&#8220; 10.11.2024 &#8211; &#8222;pour la Terre&#8220; 11.5.2025                                                                                               <a href=\"https:\/\/salon-pour.jimdosite.com\/\">https:\/\/salon-pour.jimdosite.com\/<\/a><\/p>\n\n\n\n<figure class=\"wp-block-image size-large is-resized\"><img loading=\"lazy\" decoding=\"async\" width=\"1024\" height=\"768\" src=\"https:\/\/dorotheeschabert.de\/wp-content\/uploads\/2024\/09\/IMG_3004-1024x768.jpg\" alt=\"\" class=\"wp-image-695\" style=\"width:469px;height:auto\" srcset=\"https:\/\/dorotheeschabert.de\/wp-content\/uploads\/2024\/09\/IMG_3004-1024x768.jpg 1024w, https:\/\/dorotheeschabert.de\/wp-content\/uploads\/2024\/09\/IMG_3004-300x225.jpg 300w, https:\/\/dorotheeschabert.de\/wp-content\/uploads\/2024\/09\/IMG_3004-768x576.jpg 768w, https:\/\/dorotheeschabert.de\/wp-content\/uploads\/2024\/09\/IMG_3004-1536x1152.jpg 1536w, https:\/\/dorotheeschabert.de\/wp-content\/uploads\/2024\/09\/IMG_3004-1200x900.jpg 1200w, https:\/\/dorotheeschabert.de\/wp-content\/uploads\/2024\/09\/IMG_3004.jpg 2016w\" sizes=\"auto, (max-width: 709px) 85vw, (max-width: 909px) 67vw, (max-width: 1362px) 62vw, 840px\" \/><\/figure>\n\n\n\n<p>Salon pour Elisabeth Jacquet de la Guerre, Februar 2023<\/p>\n\n\n\n<figure class=\"wp-block-image size-large is-resized\"><img loading=\"lazy\" decoding=\"async\" width=\"1024\" height=\"683\" src=\"https:\/\/dorotheeschabert.de\/wp-content\/uploads\/2024\/11\/20241108_104_Salon_Pour_LAir-1-1024x683.jpg\" alt=\"\" class=\"wp-image-711\" style=\"width:482px;height:auto\" srcset=\"https:\/\/dorotheeschabert.de\/wp-content\/uploads\/2024\/11\/20241108_104_Salon_Pour_LAir-1-1024x683.jpg 1024w, https:\/\/dorotheeschabert.de\/wp-content\/uploads\/2024\/11\/20241108_104_Salon_Pour_LAir-1-300x200.jpg 300w, https:\/\/dorotheeschabert.de\/wp-content\/uploads\/2024\/11\/20241108_104_Salon_Pour_LAir-1-768x512.jpg 768w, https:\/\/dorotheeschabert.de\/wp-content\/uploads\/2024\/11\/20241108_104_Salon_Pour_LAir-1-1536x1025.jpg 1536w, https:\/\/dorotheeschabert.de\/wp-content\/uploads\/2024\/11\/20241108_104_Salon_Pour_LAir-1-2048x1366.jpg 2048w, https:\/\/dorotheeschabert.de\/wp-content\/uploads\/2024\/11\/20241108_104_Salon_Pour_LAir-1-1200x800.jpg 1200w\" sizes=\"auto, (max-width: 709px) 85vw, (max-width: 909px) 67vw, (max-width: 1362px) 62vw, 840px\" \/><\/figure>\n\n\n\n<p>Salon pour l&#8217;Air, November 2024 (Foto: Bernd Hentschel)<\/p>\n\n\n\n<p>Salon pour la Terre, Mai 2025, Leihlokal Karlsruhe<\/p>\n\n\n\n<p>Salon pour le Feu, November 2026 Karlsruhe, Orgelfabrik<\/p>\n","protected":false},"excerpt":{"rendered":"<p>f\u00fcr die Schwetzinger SWR-festspiele konzipierte ich portraits historischer frauenpers\u00f6nlichkeiten, die im mai 2019 durch ulrike krumbiegel und die capella de la torre aufgef\u00fchrt wurden. * Christine de Pizan* Margarete von Navarra* Musikerinnen des 16. Jahrhunderts Konzert-Reihe &#8222;Salons pour &#8230; &#8222; konzipiert und veranstaltet von Dorothee Schabert, Komponistin und Autorin und Marion Schulz, Klarinettistin und MedienAutorin. &hellip; <a href=\"https:\/\/dorotheeschabert.de\/?page_id=56\" class=\"more-link\"><span class=\"screen-reader-text\">\u201e&#8222;Salon pour &#8230; &#8220; und Frauenportraits\u201c <\/span>weiterlesen<\/a><\/p>\n","protected":false},"author":2,"featured_media":0,"parent":0,"menu_order":0,"comment_status":"closed","ping_status":"closed","template":"","meta":{"footnotes":""},"class_list":["post-56","page","type-page","status-publish","hentry"],"_links":{"self":[{"href":"https:\/\/dorotheeschabert.de\/index.php?rest_route=\/wp\/v2\/pages\/56","targetHints":{"allow":["GET"]}}],"collection":[{"href":"https:\/\/dorotheeschabert.de\/index.php?rest_route=\/wp\/v2\/pages"}],"about":[{"href":"https:\/\/dorotheeschabert.de\/index.php?rest_route=\/wp\/v2\/types\/page"}],"author":[{"embeddable":true,"href":"https:\/\/dorotheeschabert.de\/index.php?rest_route=\/wp\/v2\/users\/2"}],"replies":[{"embeddable":true,"href":"https:\/\/dorotheeschabert.de\/index.php?rest_route=%2Fwp%2Fv2%2Fcomments&post=56"}],"version-history":[{"count":21,"href":"https:\/\/dorotheeschabert.de\/index.php?rest_route=\/wp\/v2\/pages\/56\/revisions"}],"predecessor-version":[{"id":812,"href":"https:\/\/dorotheeschabert.de\/index.php?rest_route=\/wp\/v2\/pages\/56\/revisions\/812"}],"wp:attachment":[{"href":"https:\/\/dorotheeschabert.de\/index.php?rest_route=%2Fwp%2Fv2%2Fmedia&parent=56"}],"curies":[{"name":"wp","href":"https:\/\/api.w.org\/{rel}","templated":true}]}}