{"id":48,"date":"2019-10-07T09:11:18","date_gmt":"2019-10-07T09:11:18","guid":{"rendered":"http:\/\/dorotheeschabert.de\/?page_id=48"},"modified":"2020-04-29T11:01:01","modified_gmt":"2020-04-29T11:01:01","slug":"chansons-und-lieder","status":"publish","type":"page","link":"https:\/\/dorotheeschabert.de\/?page_id=48","title":{"rendered":"chansons und lieder"},"content":{"rendered":"<h4>eigene<\/h4>\n<p>* Joachim Ringelnatz<br \/>\n* Wilhelm Busch<br \/>\n* Kurt Tucholsky<\/p>\n<h4>bearbeitungen<\/h4>\n<p>* Claire Waldoff<\/p>\n<h4>begleitungen<\/h4>\n<div>Klavierbegleitungen in Brahmsscher Manier zu Volks- und Kinderliedern\u00a0f\u00fcr meine Kinder<\/div>\n<h4>chors\u00e4tze<\/h4>\n<p>* Singspiel: &#8222;Der Rattenf\u00e4nger&#8220; f\u00fcr Kinderchor, Blockfl\u00f6ten und Continuo<\/p>\n","protected":false},"excerpt":{"rendered":"<p>eigene * Joachim Ringelnatz * Wilhelm Busch * Kurt Tucholsky bearbeitungen * Claire Waldoff begleitungen Klavierbegleitungen in Brahmsscher Manier zu Volks- und Kinderliedern\u00a0f\u00fcr meine Kinder chors\u00e4tze * Singspiel: &#8222;Der Rattenf\u00e4nger&#8220; f\u00fcr Kinderchor, Blockfl\u00f6ten und Continuo<\/p>\n","protected":false},"author":1,"featured_media":0,"parent":0,"menu_order":0,"comment_status":"closed","ping_status":"closed","template":"","meta":{"footnotes":""},"class_list":["post-48","page","type-page","status-publish","hentry"],"_links":{"self":[{"href":"https:\/\/dorotheeschabert.de\/index.php?rest_route=\/wp\/v2\/pages\/48","targetHints":{"allow":["GET"]}}],"collection":[{"href":"https:\/\/dorotheeschabert.de\/index.php?rest_route=\/wp\/v2\/pages"}],"about":[{"href":"https:\/\/dorotheeschabert.de\/index.php?rest_route=\/wp\/v2\/types\/page"}],"author":[{"embeddable":true,"href":"https:\/\/dorotheeschabert.de\/index.php?rest_route=\/wp\/v2\/users\/1"}],"replies":[{"embeddable":true,"href":"https:\/\/dorotheeschabert.de\/index.php?rest_route=%2Fwp%2Fv2%2Fcomments&post=48"}],"version-history":[{"count":5,"href":"https:\/\/dorotheeschabert.de\/index.php?rest_route=\/wp\/v2\/pages\/48\/revisions"}],"predecessor-version":[{"id":332,"href":"https:\/\/dorotheeschabert.de\/index.php?rest_route=\/wp\/v2\/pages\/48\/revisions\/332"}],"wp:attachment":[{"href":"https:\/\/dorotheeschabert.de\/index.php?rest_route=%2Fwp%2Fv2%2Fmedia&parent=48"}],"curies":[{"name":"wp","href":"https:\/\/api.w.org\/{rel}","templated":true}]}}