{"id":419,"date":"2020-05-25T15:26:38","date_gmt":"2020-05-25T15:26:38","guid":{"rendered":"http:\/\/dorotheeschabert.de\/?page_id=419"},"modified":"2020-05-25T15:48:16","modified_gmt":"2020-05-25T15:48:16","slug":"musikkonzeption","status":"publish","type":"page","link":"https:\/\/dorotheeschabert.de\/?page_id=419","title":{"rendered":"musik+konzeption"},"content":{"rendered":"\n<div class=\"wp-block-image\"><figure class=\"aligncenter size-large is-resized\"><img loading=\"lazy\" decoding=\"async\" src=\"https:\/\/dorotheeschabert.de\/wp-content\/uploads\/2020\/05\/aleph-quadrat-1024x1024.jpg\" alt=\"\" class=\"wp-image-424\" width=\"512\" height=\"512\" srcset=\"https:\/\/dorotheeschabert.de\/wp-content\/uploads\/2020\/05\/aleph-quadrat-1024x1024.jpg 1024w, https:\/\/dorotheeschabert.de\/wp-content\/uploads\/2020\/05\/aleph-quadrat-300x300.jpg 300w, https:\/\/dorotheeschabert.de\/wp-content\/uploads\/2020\/05\/aleph-quadrat-150x150.jpg 150w, https:\/\/dorotheeschabert.de\/wp-content\/uploads\/2020\/05\/aleph-quadrat-768x768.jpg 768w, https:\/\/dorotheeschabert.de\/wp-content\/uploads\/2020\/05\/aleph-quadrat.jpg 1200w\" sizes=\"auto, (max-width: 512px) 85vw, 512px\" \/><figcaption>foto: Andreas Bremer<\/figcaption><\/figure><\/div>\n\n\n\n<p>mein nachdenken \u00fcber musik h\u00f6rt nicht mit dem verfassen eigener werke auf, sondern schl\u00e4gt sich auch in konzeptionellen texten nieder. einige der so entstandenen <a href=\"https:\/\/dorotheeschabert.de\/?page_id=51\">essays<\/a> und <a href=\"https:\/\/dorotheeschabert.de\/?page_id=368\">werkkommentare<\/a> finden sich hier.<\/p>\n","protected":false},"excerpt":{"rendered":"<p>mein nachdenken \u00fcber musik h\u00f6rt nicht mit dem verfassen eigener werke auf, sondern schl\u00e4gt sich auch in konzeptionellen texten nieder. einige der so entstandenen essays und werkkommentare finden sich hier.<\/p>\n","protected":false},"author":1,"featured_media":0,"parent":0,"menu_order":0,"comment_status":"closed","ping_status":"closed","template":"","meta":{"footnotes":""},"class_list":["post-419","page","type-page","status-publish","hentry"],"_links":{"self":[{"href":"https:\/\/dorotheeschabert.de\/index.php?rest_route=\/wp\/v2\/pages\/419","targetHints":{"allow":["GET"]}}],"collection":[{"href":"https:\/\/dorotheeschabert.de\/index.php?rest_route=\/wp\/v2\/pages"}],"about":[{"href":"https:\/\/dorotheeschabert.de\/index.php?rest_route=\/wp\/v2\/types\/page"}],"author":[{"embeddable":true,"href":"https:\/\/dorotheeschabert.de\/index.php?rest_route=\/wp\/v2\/users\/1"}],"replies":[{"embeddable":true,"href":"https:\/\/dorotheeschabert.de\/index.php?rest_route=%2Fwp%2Fv2%2Fcomments&post=419"}],"version-history":[{"count":2,"href":"https:\/\/dorotheeschabert.de\/index.php?rest_route=\/wp\/v2\/pages\/419\/revisions"}],"predecessor-version":[{"id":426,"href":"https:\/\/dorotheeschabert.de\/index.php?rest_route=\/wp\/v2\/pages\/419\/revisions\/426"}],"wp:attachment":[{"href":"https:\/\/dorotheeschabert.de\/index.php?rest_route=%2Fwp%2Fv2%2Fmedia&parent=419"}],"curies":[{"name":"wp","href":"https:\/\/api.w.org\/{rel}","templated":true}]}}