{"id":295,"date":"2020-01-13T10:22:50","date_gmt":"2020-01-13T10:22:50","guid":{"rendered":"http:\/\/dorotheeschabert.de\/?page_id=295"},"modified":"2026-03-03T08:35:31","modified_gmt":"2026-03-03T08:35:31","slug":"aktuell","status":"publish","type":"page","link":"https:\/\/dorotheeschabert.de\/?page_id=295","title":{"rendered":"aktuell"},"content":{"rendered":"\n<p>Mai\/Juni 2026 &#8222;Balanceakt&#8220;: Klanginstallation f\u00fcr vier Lautsprecher nach dem Gedicht gleichen Titels von Lea Ammertal &#8211; Hamburg, Strobreden <\/p>\n\n\n\n<p>14. Juni 2026 &#8222;Salon pour Bettine et Johanna&#8220;: Bettine von Arnim und Johanna Kinkel musikalisch und politisch gesehen &#8211; Ensemble Svolian darin: &#8222;AugenZauber&#8220; und &#8222;ZeitenL\u00f6cher&#8220;<\/p>\n\n\n\n<p>14. Juni 2026 &#8222;Toccata trasformata&#8220; f\u00fcr Cimbalon &#8211; Enik\u00f6 Ginzery im Silbermann Museum in Frauenstein &#8211; 17.5.2026 in Wildeshausen &#8211; 30.12.2025, Berlin<\/p>\n\n\n\n<p>19.9.2026 Berlin &#8222;Salon pour Romanisches Caf\u00e9&#8220; &#8211; im Rahmen der Jahrestagung der GTA &#8211; darin: zwei Chansons nach Texten von Kurt Tucholsky<\/p>\n\n\n\n<p>2026 Berlin: Neues Werk f\u00fcr Cimbalon und Violine &#8211; Enik\u00f6 Ginzery, Cimbalon und Susanne Kaldor, Violine<\/p>\n\n\n\n<p>6. &#8211; 20. Oktober 2026,  Aufenthalt Kunsthaus Stove<\/p>\n\n\n\n<p>November 2026 Karlsruhe, Orgelfabrik &#8222;Salon pour le Feu&#8220;<\/p>\n\n\n\n<p>23.2.2027 &#8222;Salon pour Romantische Komponistinnen&#8220;, Bad. Landesbibliothek Karlsruhe<\/p>\n\n\n\n<p>20.3.2027 &#8222;Salon pour Bettine et Johanna&#8220; &#8211; Wdh &#8211; Karlsruhe Wohnstift Erlenweg<\/p>\n\n\n\n<p>Mai 2027 Residenz Skagastr\u00f6nd, Island<\/p>\n\n\n\n<p>Juli 2027, Kempten: Konzert f\u00fcr Tuba und Streichorchester<\/p>\n\n\n\n<p><strong>gerade vorbei<\/strong><\/p>\n\n\n\n<p>7.2.2026 HH, Kunstmuseum: Jubil\u00e4umskonzert 100 Jahre GEDOK &#8211; darin: &#8222;AugenZauber&#8220; mit Ensemble Svolian f\u00fcr Sopran, Klavier, Fagott<\/p>\n\n\n\n<p>18.1.2026 Pr\u00e4sentation DeGEM-CD 25: Bern, Hochschule der K\u00fcnste &#8211; &#8222;La Boule&#8220; vierkanalig &#8211; <a href=\"https:\/\/www.hkb.bfh.ch\/de\/aktuell\/kulturelle-veranstaltungen\/konzerte\/playtime-sonic-planet-2026-01-18\/\">https:\/\/www.hkb.bfh.ch\/de\/aktuell\/kulturelle-veranstaltungen\/konzerte\/playtime-sonic-planet-2026-01-18\/<\/a> &#8211; Stereo-Version auf DeGEM CD 25 &#8222;Sonic Planet&#8220; <\/p>\n\n\n\n<p>17.1.2026 &#8222;Salon pour IDA&#8220; Dehmel, Karlsruhe Wohnstift Erlenweg, Keilberth-Saal &#8211; zum 100-j\u00e4hrigen Jubil\u00e4um der GEDOK<\/p>\n\n\n\n<figure class=\"wp-block-image size-large is-resized\"><img loading=\"lazy\" decoding=\"async\" width=\"1024\" height=\"768\" src=\"https:\/\/dorotheeschabert.de\/wp-content\/uploads\/2026\/01\/IMG_8748-1024x768.jpg\" alt=\"\" class=\"wp-image-796\" style=\"width:571px;height:auto\" srcset=\"https:\/\/dorotheeschabert.de\/wp-content\/uploads\/2026\/01\/IMG_8748-1024x768.jpg 1024w, https:\/\/dorotheeschabert.de\/wp-content\/uploads\/2026\/01\/IMG_8748-300x225.jpg 300w, https:\/\/dorotheeschabert.de\/wp-content\/uploads\/2026\/01\/IMG_8748-768x576.jpg 768w, https:\/\/dorotheeschabert.de\/wp-content\/uploads\/2026\/01\/IMG_8748-1536x1152.jpg 1536w, https:\/\/dorotheeschabert.de\/wp-content\/uploads\/2026\/01\/IMG_8748-2048x1536.jpg 2048w, https:\/\/dorotheeschabert.de\/wp-content\/uploads\/2026\/01\/IMG_8748-1200x900.jpg 1200w\" sizes=\"auto, (max-width: 709px) 85vw, (max-width: 909px) 67vw, (max-width: 1362px) 62vw, 840px\" \/><\/figure>\n\n\n\n<p>Residenz-Stipendium Kulturstiftung des Landes Brandenburg,Schlo\u00df Wiepersdorf September bis 30.November 2025                                                                       &#8211; darin: 20.11.25 15 Uhr Pr\u00e4sentation eigener Werke, Schlo\u00df Wiepersdorf                                                                                                                                                                          <\/p>\n\n\n\n<p>5.Nov. 2025, Israelitische Kultusgemeinde Baden-Baden &#8222;Hommage \u00e0 Hannah Arendt&#8220;- darin: &#8222;Zehn Miniaturen f\u00fcr Violine und Klarinette&#8220;, &#8222;Entgegnungen&#8220; f\u00fcr Klarinette und Klavier, &#8222;(K)ein Denkmal f\u00fcr AD&#8220; Klavier solo<\/p>\n\n\n\n<p>7.\/8. Nov. 2025 Hannover\/Osterrode:  &#8222;Sequenza mischiarata&#8220; f\u00fcr Schalmei und Akkordeon, Ensemble Mixtura &#8211; <a href=\"https:\/\/www.ensemble-mixtura.de\/info\">https:\/\/www.ensemble-mixtura.de\/info<\/a><\/p>\n\n\n\n<p>9.11.2025 11 Uhr Gespr\u00e4chskonzert Sprengel-Museum, Hannover &#8211; mit Ensemble Mixtura, Dorothee Schabert; Gespr\u00e4chsleitung: Lydia Jeschke<\/p>\n\n\n\n<figure class=\"wp-block-image size-large\"><img loading=\"lazy\" decoding=\"async\" width=\"1024\" height=\"768\" src=\"https:\/\/dorotheeschabert.de\/wp-content\/uploads\/2025\/07\/IMG_8423-1024x768.jpg\" alt=\"\" class=\"wp-image-761\" srcset=\"https:\/\/dorotheeschabert.de\/wp-content\/uploads\/2025\/07\/IMG_8423-1024x768.jpg 1024w, https:\/\/dorotheeschabert.de\/wp-content\/uploads\/2025\/07\/IMG_8423-300x225.jpg 300w, https:\/\/dorotheeschabert.de\/wp-content\/uploads\/2025\/07\/IMG_8423-768x576.jpg 768w, https:\/\/dorotheeschabert.de\/wp-content\/uploads\/2025\/07\/IMG_8423-1536x1152.jpg 1536w, https:\/\/dorotheeschabert.de\/wp-content\/uploads\/2025\/07\/IMG_8423-2048x1536.jpg 2048w, https:\/\/dorotheeschabert.de\/wp-content\/uploads\/2025\/07\/IMG_8423-1200x900.jpg 1200w\" sizes=\"auto, (max-width: 709px) 85vw, (max-width: 909px) 67vw, (max-width: 1362px) 62vw, 840px\" \/><\/figure>\n\n\n\n<p>Festival &#8222;D&#8217;aujour d&#8217;hui \u00e0 demain&#8220; Cluny 6. bis 12. Juli 2025 &#8211; darin: Samstag 12. Juli 2025 20 Uhr, Farinier de l&#8217;Abbaye de Cluny &#8211; Ensemble Nomos &#8222;Chiaroscuro&#8220; f\u00fcr 12 Violoncelli         <a href=\"https:\/\/www.daujourdhuiademain.fr\/ensemble-nomos\">https:\/\/www.daujourdhuiademain.fr\/ensemble-nomos<\/a><\/p>\n\n\n\n<p>&#8222;Salon pour Claire Waldoff&#8220; 24. Juni 2025 Buchhandlung Eulennest Baden-Baden. In Kooperation mit OV der Gr\u00fcnen Baden-Baden<\/p>\n\n\n\n<p>CD &#8222;H\u00f6rlandschaften&#8220; beim Label NEOS erschienen Mai 2025 (NEOS 12501 Schabert): Kammermusiken f\u00fcr Holzbl\u00e4ser, Schlagzeug, Streichquintett &#8211; eingespielt von Ensemble Resonanz Hamburg und Ensemble Aventure Freiburg mit Unterst\u00fctzung des SWR  <a href=\"https:\/\/neos-music.com\/\">https:\/\/neos-music.com\/<\/a><\/p>\n\n\n\n<figure class=\"wp-block-image size-full\"><img loading=\"lazy\" decoding=\"async\" width=\"800\" height=\"533\" src=\"https:\/\/dorotheeschabert.de\/wp-content\/uploads\/2025\/03\/grafik.png\" alt=\"\" class=\"wp-image-736\" srcset=\"https:\/\/dorotheeschabert.de\/wp-content\/uploads\/2025\/03\/grafik.png 800w, https:\/\/dorotheeschabert.de\/wp-content\/uploads\/2025\/03\/grafik-300x200.png 300w, https:\/\/dorotheeschabert.de\/wp-content\/uploads\/2025\/03\/grafik-768x512.png 768w\" sizes=\"auto, (max-width: 800px) 85vw, 800px\" \/><\/figure>\n\n\n\n<p>Arbeitsaufenthalt MaxHaus Nordhalben Mai 2025 &#8211; Vorstellung der CD H\u00f6rLandschaften 30.5.2025<\/p>\n\n\n\n<p>&#8222;Gaia I + II&#8220; f\u00fcr  drei tiefe Holzbl\u00e4serinnen &#8211; in: &#8222;Salon pour la Terre&#8220; Karlsruhe Leihlokal 11. Mai 2025: Konzeption und Arrangements<\/p>\n\n\n\n<p>Lecture soundarts at LLC university of arts London 6.2.2025 &#8211; Video auf Youtube: <a href=\"https:\/\/www.youtube.com\/watch?v=K7NHaj2tRH4\">https:\/\/www.youtube.com\/watch?v=K7NHaj2tRH4<\/a><\/p>\n\n\n\n<figure class=\"wp-block-image size-large\"><img loading=\"lazy\" decoding=\"async\" width=\"1024\" height=\"512\" src=\"https:\/\/dorotheeschabert.de\/wp-content\/uploads\/2025\/01\/SAGL_SpringTerm2025_web-1-1024x512.jpg\" alt=\"\" class=\"wp-image-725\" srcset=\"https:\/\/dorotheeschabert.de\/wp-content\/uploads\/2025\/01\/SAGL_SpringTerm2025_web-1-1024x512.jpg 1024w, https:\/\/dorotheeschabert.de\/wp-content\/uploads\/2025\/01\/SAGL_SpringTerm2025_web-1-300x150.jpg 300w, https:\/\/dorotheeschabert.de\/wp-content\/uploads\/2025\/01\/SAGL_SpringTerm2025_web-1-768x384.jpg 768w, https:\/\/dorotheeschabert.de\/wp-content\/uploads\/2025\/01\/SAGL_SpringTerm2025_web-1-1536x768.jpg 1536w, https:\/\/dorotheeschabert.de\/wp-content\/uploads\/2025\/01\/SAGL_SpringTerm2025_web-1-2048x1024.jpg 2048w, https:\/\/dorotheeschabert.de\/wp-content\/uploads\/2025\/01\/SAGL_SpringTerm2025_web-1-1200x600.jpg 1200w\" sizes=\"auto, (max-width: 709px) 85vw, (max-width: 909px) 67vw, (max-width: 1362px) 62vw, 840px\" \/><\/figure>\n\n\n\n<p>Sept 2024 erschienen: &#8222;Hymnus Baum des Lebens&#8220; f\u00fcr Chor a capella &#8211; in Carus-Verlag: <a href=\"https:\/\/www.carus-verlag.com\/musiknoten-und-aufnahmen\/choral-music-composed-by-women-225100.html\">https:\/\/www.carus-verlag.com\/musiknoten-und-aufnahmen\/choral-music-composed-by-women-225100.html<\/a><\/p>\n\n\n\n<p>\u201eVon der Raumaufstellung zur kompositorischen R\u00e4umlichkeit zu RaumMusik.\u201c &#8211; in Neue Zeitschrift f\u00fcr Musik 2\/2024 &#8211; Dorothee Schabert im Gespr\u00e4ch mit Prof. Michael Harenbe<strong>rg<\/strong><\/p>\n\n\n\n<h2 class=\"wp-block-heading\"><strong>Neu auf Soundcloud<\/strong><\/h2>\n\n\n\n<p>&#8222;Nachklang I Padjelanta und II L\u00e4nstr\u00e4ffiken&#8220; Produktion mit Mitgliedern des Ensemble Resonanz, Hamburg Februar 2024<\/p>\n\n\n\n<p>&#8222;Vom Sterben eines Apfelbaums&#8220; akusmatische Komposition (2023)<\/p>\n\n\n\n<p>&#8222;ZeitenL\u00f6cher&#8220; (2023) f\u00fcr Sopran, Fagott und begleitende Viola &#8211; UA 18.10.2023<\/p>\n\n\n\n<p>&#8222;WetterWarnung&#8220; (2023) f\u00fcr Sopran und Klavier &#8211; UA 5.11.2023<\/p>\n\n\n\n<p>&#8222;Screaming&#8220; f\u00fcr Blockfl\u00f6ten-Quartett (2023) &#8211; UA 5.2.2023<\/p>\n\n\n\n<p>&#8222;La Boule&#8220; (2022) StereoFassung der vierkanaligen Computerkomposition &#8211;<\/p>\n\n\n\n<h4 class=\"wp-block-heading\">R\u00fcckblick &#8211; Auswahl<\/h4>\n\n\n\n<figure class=\"wp-block-image size-large\"><img loading=\"lazy\" decoding=\"async\" width=\"1024\" height=\"683\" src=\"https:\/\/dorotheeschabert.de\/wp-content\/uploads\/2025\/01\/20241108_077_Salon_Pour_LAir-1-1024x683.jpg\" alt=\"\" class=\"wp-image-723\" srcset=\"https:\/\/dorotheeschabert.de\/wp-content\/uploads\/2025\/01\/20241108_077_Salon_Pour_LAir-1-1024x683.jpg 1024w, https:\/\/dorotheeschabert.de\/wp-content\/uploads\/2025\/01\/20241108_077_Salon_Pour_LAir-1-300x200.jpg 300w, https:\/\/dorotheeschabert.de\/wp-content\/uploads\/2025\/01\/20241108_077_Salon_Pour_LAir-1-768x512.jpg 768w, https:\/\/dorotheeschabert.de\/wp-content\/uploads\/2025\/01\/20241108_077_Salon_Pour_LAir-1-1536x1025.jpg 1536w, https:\/\/dorotheeschabert.de\/wp-content\/uploads\/2025\/01\/20241108_077_Salon_Pour_LAir-1-2048x1366.jpg 2048w, https:\/\/dorotheeschabert.de\/wp-content\/uploads\/2025\/01\/20241108_077_Salon_Pour_LAir-1-1200x800.jpg 1200w\" sizes=\"auto, (max-width: 709px) 85vw, (max-width: 909px) 67vw, (max-width: 1362px) 62vw, 840px\" \/><\/figure>\n\n\n\n<p>&#8222;Salon pour l&#8217;Air&#8220; 11.November 2024 Karlsruhe Orgelfabrik                                                                   Carolin Elena Fischer, Blockfl\u00f6te &#8211; Doris Buche-Reisinger, Tanz                                    Foto: Bernd Hentschel<\/p>\n\n\n\n<figure class=\"wp-block-image size-full\"><img loading=\"lazy\" decoding=\"async\" width=\"768\" height=\"1024\" src=\"https:\/\/dorotheeschabert.de\/wp-content\/uploads\/2025\/03\/IMG_2089-768x1024-1.jpeg\" alt=\"\" class=\"wp-image-737\" srcset=\"https:\/\/dorotheeschabert.de\/wp-content\/uploads\/2025\/03\/IMG_2089-768x1024-1.jpeg 768w, https:\/\/dorotheeschabert.de\/wp-content\/uploads\/2025\/03\/IMG_2089-768x1024-1-225x300.jpeg 225w\" sizes=\"auto, (max-width: 768px) 85vw, 768px\" \/><\/figure>\n\n\n\n<p>Foto: Dorit Bearach<\/p>\n\n\n\n<p>KlangInstallation &#8222;La Boule&#8220;: ab 8.September 24, Berlin-Rangsdorf in der Ausstellung &#8222;kantig aufgekl\u00e4rt&#8220; mit Christine D\u00fcwel, Dorit Bearach, Jana Wilsky und Ilka Raupach &#8211; Finissage 3.November 2024 mit Klangpr\u00e4sentation<\/p>\n\n\n\n<p>&#8222;ZeitenL\u00f6cher&#8220; f\u00fcr Sopran, Fagott und begleitende Kl\u00e4nge &#8211; f\u00fcr Ursula Mamlok zum 100. Geburtstag &#8211; Ensemble Svolian, Festival in Czachow\/Polen,27. Juli 2024<\/p>\n\n\n\n<p>&#8222;Being human&#8220; 25.7.2024 TonArten-Festival Sasbachwalden &#8211; im Funkturm des SWR Hornisgrinde<\/p>\n\n\n\n<p>&#8222;ZwischenR\u00e4ume&#8220; f\u00fcr Streichorchester &#8211; Kempten 20.Juli 2024<\/p>\n\n\n\n<p>&#8222;Salon WasserKl\u00e4nge WasserStimmen&#8220; f\u00fcr Klarinette, Violine, Klavier, Moderation &#8211; N\u00fcrtingen 3.3.2024 &#8211; darin: Zehn Miniaturen f\u00fcr Violine und Klarinette<\/p>\n\n\n\n<p>&#8222;Nachklang I + II&#8220; f\u00fcr Streichquintett Produktion 6.-9.2.2024 mit Ensemble Resonanz, Hamburg<\/p>\n\n\n\n<p>12.-14.11.2023 N\u00fcrnberg, &#8222;WetterWarnung&#8220; f\u00fcr Sopran und Klavier<\/p>\n\n\n\n<p>5.11.2023 18 Uhr Braunschweig, kleines Haus, Staatstheater &#8222;Diabelli recomposed&#8220; &#8211; darin: &#8222;(K)ein Denkmal f\u00fcr AD&#8220;<\/p>\n\n\n\n<p>7.9.2023 HdK Bern Vortrag &#8222;Raumkonzepte medial und kompositorisch&#8220;<\/p>\n\n\n\n<p>5.2.2023 17 Uhr, KarlsruheMusentempel &#8222;Salon pour Elizabeth Jacquet de la Guerre&#8220; &#8211; darin: Screaming f\u00fcr vier Blockfl\u00f6ten &#8211; und: Bearbeitung &#8222;Musette&#8220; von E. J.de la Guerre<\/p>\n\n\n\n<p>20.10.2022 7:30 Ellenville, NY- Music on Market: &#8222;Kiesel&#8220; f\u00fcr Viola sola, Anastasia Solberg<\/p>\n\n\n\n<p>16.7.2022  22:35  GOETHE-INSTITUT, Rom | Giardino Basso &#8222;Acque alterate&#8220; &#8211; in: RETI   concerto\/installazione (Festival artescienza des Centro Ricerche Musicali, Rom)<br>https:\/\/www.artescienza.info\/it\/programma-it\/reti-2022.html                                                                                                                                                                                                                                                   <\/p>\n\n\n\n<p><\/p>\n\n\n\n<p><\/p>\n","protected":false},"excerpt":{"rendered":"<p>Mai\/Juni 2026 &#8222;Balanceakt&#8220;: Klanginstallation f\u00fcr vier Lautsprecher nach dem Gedicht gleichen Titels von Lea Ammertal &#8211; Hamburg, Strobreden 14. Juni 2026 &#8222;Salon pour Bettine et Johanna&#8220;: Bettine von Arnim und Johanna Kinkel musikalisch und politisch gesehen &#8211; Ensemble Svolian darin: &#8222;AugenZauber&#8220; und &#8222;ZeitenL\u00f6cher&#8220; 14. Juni 2026 &#8222;Toccata trasformata&#8220; f\u00fcr Cimbalon &#8211; Enik\u00f6 Ginzery im Silbermann &hellip; <a href=\"https:\/\/dorotheeschabert.de\/?page_id=295\" class=\"more-link\"><span class=\"screen-reader-text\">\u201eaktuell\u201c <\/span>weiterlesen<\/a><\/p>\n","protected":false},"author":2,"featured_media":0,"parent":0,"menu_order":0,"comment_status":"closed","ping_status":"closed","template":"","meta":{"footnotes":""},"class_list":["post-295","page","type-page","status-publish","hentry"],"_links":{"self":[{"href":"https:\/\/dorotheeschabert.de\/index.php?rest_route=\/wp\/v2\/pages\/295","targetHints":{"allow":["GET"]}}],"collection":[{"href":"https:\/\/dorotheeschabert.de\/index.php?rest_route=\/wp\/v2\/pages"}],"about":[{"href":"https:\/\/dorotheeschabert.de\/index.php?rest_route=\/wp\/v2\/types\/page"}],"author":[{"embeddable":true,"href":"https:\/\/dorotheeschabert.de\/index.php?rest_route=\/wp\/v2\/users\/2"}],"replies":[{"embeddable":true,"href":"https:\/\/dorotheeschabert.de\/index.php?rest_route=%2Fwp%2Fv2%2Fcomments&post=295"}],"version-history":[{"count":91,"href":"https:\/\/dorotheeschabert.de\/index.php?rest_route=\/wp\/v2\/pages\/295\/revisions"}],"predecessor-version":[{"id":817,"href":"https:\/\/dorotheeschabert.de\/index.php?rest_route=\/wp\/v2\/pages\/295\/revisions\/817"}],"wp:attachment":[{"href":"https:\/\/dorotheeschabert.de\/index.php?rest_route=%2Fwp%2Fv2%2Fmedia&parent=295"}],"curies":[{"name":"wp","href":"https:\/\/api.w.org\/{rel}","templated":true}]}}