{"id":14,"date":"2019-10-07T09:10:49","date_gmt":"2019-10-07T09:10:49","guid":{"rendered":"http:\/\/dorotheeschabert.de\/?page_id=14"},"modified":"2023-01-11T18:05:19","modified_gmt":"2023-01-11T18:05:19","slug":"kontakt","status":"publish","type":"page","link":"https:\/\/dorotheeschabert.de\/?page_id=14","title":{"rendered":"kontakt"},"content":{"rendered":"<p>ich freue mich \u00fcber Ihr interesse, echo, anfragen f\u00fcr auff\u00fchrungen oder abdrucke. die meisten meiner partituren sind als pdf-dateien erh\u00e4ltlich. entweder direkt bei mir: daf\u00fcr schreiben Sie mir bitte einfach eine mail an die unten stehende adresse. \u00a0\u00a0\u00a0\u00a0\u00a0\u00a0\u00a0\u00a0\u00a0\u00a0\u00a0\u00a0\u00a0\u00a0\u00a0\u00a0\u00a0\u00a0\u00a0\u00a0\u00a0\u00a0\u00a0\u00a0\u00a0\u00a0\u00a0\u00a0\u00a0\u00a0\u00a0\u00a0\u00a0\u00a0\u00a0\u00a0\u00a0<\/p>\n<p>im archiv des Deutschen Historischen Instituts, Rom sind einige meiner partituren archiviert:\u00a0 <a href=\"https:\/\/dhi-roma.bsz-bw.de\/cgi-bin\/koha\/opac-search.pl?idx=au&amp;q=Schabert%2C+Dorothee&amp;branch_group_limit=&amp;weight_search=1)\">https:\/\/dhi-roma.bsz-bw.de\/cgi-bin\/koha\/opac-search.pl?idx=au&amp;q=Schabert%2C+Dorothee&amp;branch_group_limit=&amp;weight_search=1<\/a>\u00a0\u00a0\u00a0\u00a0\u00a0\u00a0\u00a0\u00a0\u00a0<\/p>\n<p>zu finden auch im Karlsruher virtuellen Katalog unter:\u00a0\u00a0\u00a0\u00a0\u00a0\u00a0\u00a0\u00a0 <a href=\"https:\/\/opac.k10plus.de\/DB=2.299\/?COOKIE=Us998,Pbszgast,I2017,B20728+,SY,NRecherche-DB,D2.299,E489bc865-1407,A,H,R5.88.236.245,FY\">https:\/\/opac.k10plus.de\/DB=2.299\/?COOKIE=Us998,Pbszgast,I2017,B20728+,SY,NRecherche-DB,D2.299,E489bc865-1407,A,H,R5.88.236.245,FY<\/a>\u00a0\u00a0\u00a0\u00a0\u00a0\u00a0\u00a0\u00a0\u00a0\u00a0\u00a0\u00a0\u00a0\u00a0\u00a0\u00a0\u00a0\u00a0\u00a0\u00a0\u00a0\u00a0\u00a0\u00a0\u00a0\u00a0\u00a0\u00a0\u00a0\u00a0\u00a0\u00a0\u00a0\u00a0\u00a0\u00a0\u00a0\u00a0\u00a0\u00a0\u00a0\u00a0\u00a0\u00a0\u00a0\u00a0\u00a0\u00a0\u00a0\u00a0<\/p>\n<p>sowie im Archiv &#8222;Frau &amp; Musik&#8220;, Frankfurt am Main &#8211;\u00a0\u00a0\u00a0\u00a0\u00a0\u00a0\u00a0\u00a0\u00a0\u00a0\u00a0\u00a0\u00a0 <a href=\"https:\/\/www.archiv-frau-musik.de\/en\/\">https:\/\/www.archiv-frau-musik.de\/en\/<\/a><\/p>\n<p>und selbstverst\u00e4ndlich freue ich mich, wenn Sie mich f\u00fcr geplante, vorhandene, neue projekte und kooperationen ansprechen.<\/p>\n<p><a href=\"mailto:dorothee@dorotheeschabert.de\">dorothee@dorotheeschabert.de<\/a><\/p>\n\n\n<p><\/p>\n","protected":false},"excerpt":{"rendered":"<p>ich freue mich \u00fcber Ihr interesse, echo, anfragen f\u00fcr auff\u00fchrungen oder abdrucke. die meisten meiner partituren sind als pdf-dateien erh\u00e4ltlich. entweder direkt bei mir: daf\u00fcr schreiben Sie mir bitte einfach eine mail an die unten stehende adresse. \u00a0\u00a0\u00a0\u00a0\u00a0\u00a0\u00a0\u00a0\u00a0\u00a0\u00a0\u00a0\u00a0\u00a0\u00a0\u00a0\u00a0\u00a0\u00a0\u00a0\u00a0\u00a0\u00a0\u00a0\u00a0\u00a0\u00a0\u00a0\u00a0\u00a0\u00a0\u00a0\u00a0\u00a0\u00a0\u00a0\u00a0 im archiv des Deutschen Historischen Instituts, Rom sind einige meiner partituren archiviert:\u00a0 https:\/\/dhi-roma.bsz-bw.de\/cgi-bin\/koha\/opac-search.pl?idx=au&amp;q=Schabert%2C+Dorothee&amp;branch_group_limit=&amp;weight_search=1\u00a0\u00a0\u00a0\u00a0\u00a0\u00a0\u00a0\u00a0\u00a0 zu finden auch im &hellip; <a href=\"https:\/\/dorotheeschabert.de\/?page_id=14\" class=\"more-link\"><span class=\"screen-reader-text\">\u201ekontakt\u201c <\/span>weiterlesen<\/a><\/p>\n","protected":false},"author":1,"featured_media":0,"parent":0,"menu_order":0,"comment_status":"closed","ping_status":"closed","template":"","meta":{"footnotes":""},"class_list":["post-14","page","type-page","status-publish","hentry"],"_links":{"self":[{"href":"https:\/\/dorotheeschabert.de\/index.php?rest_route=\/wp\/v2\/pages\/14","targetHints":{"allow":["GET"]}}],"collection":[{"href":"https:\/\/dorotheeschabert.de\/index.php?rest_route=\/wp\/v2\/pages"}],"about":[{"href":"https:\/\/dorotheeschabert.de\/index.php?rest_route=\/wp\/v2\/types\/page"}],"author":[{"embeddable":true,"href":"https:\/\/dorotheeschabert.de\/index.php?rest_route=\/wp\/v2\/users\/1"}],"replies":[{"embeddable":true,"href":"https:\/\/dorotheeschabert.de\/index.php?rest_route=%2Fwp%2Fv2%2Fcomments&post=14"}],"version-history":[{"count":12,"href":"https:\/\/dorotheeschabert.de\/index.php?rest_route=\/wp\/v2\/pages\/14\/revisions"}],"predecessor-version":[{"id":630,"href":"https:\/\/dorotheeschabert.de\/index.php?rest_route=\/wp\/v2\/pages\/14\/revisions\/630"}],"wp:attachment":[{"href":"https:\/\/dorotheeschabert.de\/index.php?rest_route=%2Fwp%2Fv2%2Fmedia&parent=14"}],"curies":[{"name":"wp","href":"https:\/\/api.w.org\/{rel}","templated":true}]}}