{"id":11,"date":"2019-10-07T08:50:01","date_gmt":"2019-10-07T08:50:01","guid":{"rendered":"http:\/\/dorotheeschabert.de\/?page_id=11"},"modified":"2019-12-11T10:32:52","modified_gmt":"2019-12-11T10:32:52","slug":"hoeren","status":"publish","type":"page","link":"https:\/\/dorotheeschabert.de\/?page_id=11","title":{"rendered":"h\u00f6ren"},"content":{"rendered":"\n<div class=\"wp-block-image is-style-circle-mask\"><figure class=\"aligncenter size-medium\"><img loading=\"lazy\" decoding=\"async\" width=\"300\" height=\"249\" src=\"https:\/\/dorotheeschabert.de\/wp-content\/uploads\/2019\/11\/216972B2-F960-48F1-AAA2-05980845E7D9-300x249.png\" alt=\"\" class=\"wp-image-139\" srcset=\"https:\/\/dorotheeschabert.de\/wp-content\/uploads\/2019\/11\/216972B2-F960-48F1-AAA2-05980845E7D9-300x249.png 300w, https:\/\/dorotheeschabert.de\/wp-content\/uploads\/2019\/11\/216972B2-F960-48F1-AAA2-05980845E7D9-1024x849.png 1024w, https:\/\/dorotheeschabert.de\/wp-content\/uploads\/2019\/11\/216972B2-F960-48F1-AAA2-05980845E7D9-768x637.png 768w, https:\/\/dorotheeschabert.de\/wp-content\/uploads\/2019\/11\/216972B2-F960-48F1-AAA2-05980845E7D9.png 1160w\" sizes=\"auto, (max-width: 300px) 85vw, 300px\" \/><\/figure><\/div>\n\n\n<p>\u00a0<\/p>\n<p style=\"text-align: center;\">alles ist klang,<br \/>was uns akustisch umgibt.<br \/>das rascheln von bl\u00e4ttern<br \/>donnergrollen<br \/>quietschende bremsen<br \/>zerbrechendes glas<br \/>ein deckel, der zu boden f\u00e4llt<br \/>ein geigenton, eine kinderstimme, eine soprankoloratur,<br \/>ein symphonieorchester, ein paukenschlag, eine oboenmelodie.<br \/>aus klang l\u00e4\u00dft sich musik formen.<br \/>das nennt man komponieren.<br \/>komponieren kann man f\u00fcr traditionelle instrumente und ensembles<br \/>mit stift auf papier.<br \/>auch der computer kann instrument sein.<br \/>ich sammle kl\u00e4nge,<br \/>dehne und k\u00fcrze sie,<br \/>zerteile, zerst\u00fcckele, transponiere, bearbeite sie<br \/>und setze sie neu zusammen<br \/>so entstehen partituren.<br \/>oder eben digitale klangwerke.<\/p>","protected":false},"excerpt":{"rendered":"<p>\u00a0 alles ist klang,was uns akustisch umgibt.das rascheln von bl\u00e4tterndonnergrollenquietschende bremsenzerbrechendes glasein deckel, der zu boden f\u00e4lltein geigenton, eine kinderstimme, eine soprankoloratur,ein symphonieorchester, ein paukenschlag, eine oboenmelodie.aus klang l\u00e4\u00dft sich musik formen.das nennt man komponieren.komponieren kann man f\u00fcr traditionelle instrumente und ensemblesmit stift auf papier.auch der computer kann instrument sein.ich sammle kl\u00e4nge,dehne und k\u00fcrze sie,zerteile, &hellip; <a href=\"https:\/\/dorotheeschabert.de\/?page_id=11\" class=\"more-link\"><span class=\"screen-reader-text\">\u201eh\u00f6ren\u201c <\/span>weiterlesen<\/a><\/p>\n","protected":false},"author":1,"featured_media":0,"parent":0,"menu_order":0,"comment_status":"closed","ping_status":"closed","template":"","meta":{"footnotes":""},"class_list":["post-11","page","type-page","status-publish","hentry"],"_links":{"self":[{"href":"https:\/\/dorotheeschabert.de\/index.php?rest_route=\/wp\/v2\/pages\/11","targetHints":{"allow":["GET"]}}],"collection":[{"href":"https:\/\/dorotheeschabert.de\/index.php?rest_route=\/wp\/v2\/pages"}],"about":[{"href":"https:\/\/dorotheeschabert.de\/index.php?rest_route=\/wp\/v2\/types\/page"}],"author":[{"embeddable":true,"href":"https:\/\/dorotheeschabert.de\/index.php?rest_route=\/wp\/v2\/users\/1"}],"replies":[{"embeddable":true,"href":"https:\/\/dorotheeschabert.de\/index.php?rest_route=%2Fwp%2Fv2%2Fcomments&post=11"}],"version-history":[{"count":10,"href":"https:\/\/dorotheeschabert.de\/index.php?rest_route=\/wp\/v2\/pages\/11\/revisions"}],"predecessor-version":[{"id":301,"href":"https:\/\/dorotheeschabert.de\/index.php?rest_route=\/wp\/v2\/pages\/11\/revisions\/301"}],"wp:attachment":[{"href":"https:\/\/dorotheeschabert.de\/index.php?rest_route=%2Fwp%2Fv2%2Fmedia&parent=11"}],"curies":[{"name":"wp","href":"https:\/\/api.w.org\/{rel}","templated":true}]}}